{"id":127,"date":"2017-10-03T15:39:13","date_gmt":"2017-10-03T14:39:13","guid":{"rendered":"http:\/\/www.brunojnguerreiro.eu\/?page_id=127"},"modified":"2024-12-05T18:28:55","modified_gmt":"2024-12-05T18:28:55","slug":"teaching","status":"publish","type":"page","link":"https:\/\/www.brunojnguerreiro.eu\/pt\/teaching","title":{"rendered":"ensino"},"content":{"rendered":"<h2>unidades curriculares lecionadas<\/h2>\n<ol>\n<li>Teoria de Sinais (2020\/2021, 2\u00ba Semestre, FCT-NOVA), total de ~168 alunos do Mestrado Integrado em Engenharia Electrot\u00e9cnica e de Computadores (MIEEC).\n<ul>\n<li>2021\/2022, 2\u00ba Semestre: ~188 alunos da Licenciatura em Engenharia Electrot\u00e9cnica e de Computadores (LEEC)<\/li>\n<li>2020\/2021, 2\u00ba Semestre: ~168 alunos do Mestrado Integrado em Engenharia Electrot\u00e9cnica e de Computadores (MIEEC)<\/li>\n<li>2019\/2020, 2\u00ba Semestre: ~190 alunos do MIEEC<\/li>\n<li>2018\/2019, 2\u00ba Semestre: ~210 alunos do MIEEC<\/li>\n<\/ul>\n<\/li>\n<li>Introdu\u00e7\u00e3o \u00e0 Engenharia Electrot\u00e9cnica e de Computadores (FCT-NOVA)\n<ul>\n<li>2022\/2023, 1\u00ba Semestre: ~?? alunos da LEEC<\/li>\n<li>2021\/2022, 1\u00ba Semestre: ~193 alunos da LEEC<\/li>\n<\/ul>\n<\/li>\n<li>Controlo em Systemas Cyber-F\u00edsicos (FCT-NOVA)\n<ul>\n<li>2022\/2023, 1\u00ba Semestre: ?? alunos do Mestrado em Engenharia Electrot\u00e9cnica e de Computadores (MEEC)<\/li>\n<li>2021\/2022, 1\u00ba Semestre: 16 alunos do MEEC<\/li>\n<li>2020\/2021, 1\u00ba Semestre (como CDE): 11 alunos do MIEEC<\/li>\n<\/ul>\n<\/li>\n<li>Sistemas de Decis\u00e3o (FCT-NOVA)\n<ul>\n<li>2020\/2021, 1\u00ba Semestre: 29 alunos do MIEEC.<\/li>\n<li>2019\/2020, 1\u00ba Semestre: 21 alunos do MIEEC<\/li>\n<\/ul>\n<\/li>\n<li>Teoria de Sistemas (FCT-NOVA)\n<ul>\n<li>2019\/2020, 1\u00ba Semestre: ~190 alunos do MIEMec e MIEGI<\/li>\n<\/ul>\n<\/li>\n<li>Controlo (IST)\n<ul>\n<li>2018\/2019, 1\u00ba Semestre: ~265 alunos do Mestrado em Engenharia Electrot\u00e9cnica e de Computadores (MEEC)<\/li>\n<li>2017\/2018, 1\u00ba Semestre: ~250 alunos do MEEC<\/li>\n<li>2016\/2017, 1\u00ba Semestre: ~270 alunos do MEEC\u00a0 e MEFT<\/li>\n<li>2015\/2016, 1\u00ba Semestre: ~360 alunos do MEEC<\/li>\n<\/ul>\n<\/li>\n<li>Modela\u00e7\u00e3o e Simula\u00e7\u00e3o (IST)\n<ul>\n<li>2015\/2016, 2\u00ba Semestre: ~121 alunos do MEEC<\/li>\n<\/ul>\n<\/li>\n<li>Processamento Digital de Sinais (IST)\n<ul>\n<li>2014\/2015, 2\u00ba Semestre: ~87 alunos do MEEC, MEAer e MEIC-A<\/li>\n<\/ul>\n<\/li>\n<\/ol>\n<h2>antigos alunos<\/h2>\n<ol>\n<li>Pedro Pereira (MIEEC, NOVA SST): co-orientador com Pedro Louren\u00e7o (GMV), t\u00edtulo &#8220;Model Predictive Control for Cooperative Rendezvous of Space Sattellies&#8221;, 2022, agora Software Engineer at Critical TechWorks.<\/li>\n<li>Gon\u00e7alo Ferreira (MIEEC, NOVA SST): advisor, t\u00edtulo \u201cDesign and development of a low-cost inverted pendulum for education&#8221;, 2022.<\/li>\n<li>Jo\u00e3o Ara\u00fajo (MIEF, NOVA SST): co-orientador com F. Silva, t\u00edtulo &#8220;Dimensionamento e Implementa\u00e7\u00e3o de um Sistema de controlo Digital de Lentes Eletroest\u00e1ticas de Monocromador Trocoidal de Eletr\u00f5es&#8221;, 2022.<\/li>\n<li>Hugo Cabrita (MIEEC, FCT-NOVA): coorientador com F. Coito e L. Palma, t\u00edtulo \u201cDesign and control of a rotary wing drone testbed\u201d, 2021, agora Hardware Engineer at EID Defense and Space.<\/li>\n<li>Francisco Matos (MIEEC, FCT-NOVA): advisor, t\u00edtulo \u201cModel predictive control strategies for parcel relay manoeuvres using drones\u201d, 2021, agora Researcher at Project CAPTURE.<\/li>\n<li>Bruno Neves (MIEEC, FCT-NOVA): advisor, t\u00edtulo \u201cFlight control of hybrid drones towards enabling parcel relay manoeuvres\u201d, 2021, agora Technology Consultant at Delloite; BladeInsight.<\/li>\n<li>Gil Serrano (MSc in Electrical and Computer Eng., MEEC, IST): coorientador com Rita Cunha, t\u00edtulo \u201cNonlinear Control of Hybrid Drones via Optimised Control Allocation\u201d, 2021, agora Research Eng. at KTH.<\/li>\n<li>Tomas Bastos (MSc in Aerospace Eng., MEAer, IST): coorientador com Rita Cunha, t\u00edtulo \u201cTask Allocation Algorithms for a Cooperative Drone Parcel Delivery System\u201d, 2020, agora Structural Analysis Engineer at CEiiA.<\/li>\n<li>Miguel Malaca (MEEC, IST): coorientador com Rita Cunha, t\u00edtulo \u201cTrajectory planning and control for aerial footage of moving targets\u201d, 2019, agora Flight Control Engineer at WINGCOPTER.<\/li>\n<li>Manuel Simas (MEEC, IST): coorientador com Pedro Batista, t\u00edtulo \u201cSimultaneous Localization and Mapping with Moving Object Tracking for Drones\u201d, 2019, agora Integrator Engineer at ASML.<\/li>\n<li>Francisco Azevedo (Mestrado integrado em Eng. Mec\u00e2nica, MEMec, IST): coorientador com Paulo Oliveira e Rita Cunha (IST), t\u00edtulo \u201cAutomatic grasping system for multi-drone parcel delivery\u201d, 2019, agora Engineer at Altran; BladeInsight.<\/li>\n<li>Marta Marques (MEAer, IST): coorientador com Rita Cunha, t\u00edtulo \u201cTrajectory planning and control for drone replacement during formation flight\u201d, 2018, agora GNC Engineer at Airbus Defence and Space.<\/li>\n<li>Jo\u00e3o Paquim (MEAer, IST): coorientador com Prof. Guido de Croon (TUDelft), t\u00edtulo \u201cLearning Depth from Single Monocular Images Using Stereo Supervisory Input\u201d, 2016, agora Senior Software Engineer at Farfetch.<\/li>\n<li>Duarte Alves (MEAer, IST): coorientador com Rita Cunha, t\u00edtulo \u201cLiDAR-based control and estimation for rotary-wing UAVs\u201d, 2016, agora R&amp;D Scientist at Procter &amp; Gamble<\/li>\n<li>Alexandre Gomes (MEAer, IST): coorientador com Rita Cunha, t\u00edtulo \u201cLaser-based control of rotary-wing UAVs\u201d, 2015, agora Team Leader at NEVS.<\/li>\n<\/ol>\n","protected":false},"excerpt":{"rendered":"<p>unidades curriculares lecionadas Teoria de Sinais (2020\/2021, 2\u00ba Semestre, FCT-NOVA), total de ~168 alunos do Mestrado Integrado em Engenharia Electrot\u00e9cnica e de Computadores (MIEEC). 2021\/2022, 2\u00ba Semestre: ~188 alunos da Licenciatura em Engenharia Electrot\u00e9cnica e de Computadores (LEEC) 2020\/2021, 2\u00ba Semestre: ~168 alunos do Mestrado Integrado em Engenharia Electrot\u00e9cnica e de Computadores (MIEEC) 2019\/2020, 2\u00ba [&hellip;]<\/p>\n","protected":false},"author":1,"featured_media":0,"parent":0,"menu_order":0,"comment_status":"closed","ping_status":"closed","template":"","meta":{"_monsterinsights_skip_tracking":false,"_monsterinsights_sitenote_active":false,"_monsterinsights_sitenote_note":"","_monsterinsights_sitenote_category":0,"footnotes":""},"class_list":["post-127","page","type-page","status-publish","hentry"],"translation":{"provider":"WPGlobus","version":"3.0.2","language":"pt","enabled_languages":["en","pt"],"languages":{"en":{"title":true,"content":true,"excerpt":false},"pt":{"title":true,"content":true,"excerpt":false}}},"_links":{"self":[{"href":"https:\/\/www.brunojnguerreiro.eu\/pt\/wp-json\/wp\/v2\/pages\/127","targetHints":{"allow":["GET"]}}],"collection":[{"href":"https:\/\/www.brunojnguerreiro.eu\/pt\/wp-json\/wp\/v2\/pages"}],"about":[{"href":"https:\/\/www.brunojnguerreiro.eu\/pt\/wp-json\/wp\/v2\/types\/page"}],"author":[{"embeddable":true,"href":"https:\/\/www.brunojnguerreiro.eu\/pt\/wp-json\/wp\/v2\/users\/1"}],"replies":[{"embeddable":true,"href":"https:\/\/www.brunojnguerreiro.eu\/pt\/wp-json\/wp\/v2\/comments?post=127"}],"version-history":[{"count":34,"href":"https:\/\/www.brunojnguerreiro.eu\/pt\/wp-json\/wp\/v2\/pages\/127\/revisions"}],"predecessor-version":[{"id":655,"href":"https:\/\/www.brunojnguerreiro.eu\/pt\/wp-json\/wp\/v2\/pages\/127\/revisions\/655"}],"wp:attachment":[{"href":"https:\/\/www.brunojnguerreiro.eu\/pt\/wp-json\/wp\/v2\/media?parent=127"}],"curies":[{"name":"wp","href":"https:\/\/api.w.org\/{rel}","templated":true}]}}